{"id":43923,"date":"2022-01-10T17:30:22","date_gmt":"2022-01-10T17:30:22","guid":{"rendered":"https:\/\/staging.kinsta.cloud\/conexion-mango\/"},"modified":"2023-07-12T05:28:46","modified_gmt":"2023-07-12T09:28:46","slug":"conexion-mango","status":"publish","type":"page","link":"https:\/\/staging.kinsta.cloud\/es\/conexion-mango\/","title":{"rendered":"Conexi\u00f3n Mango"},"content":{"rendered":"<div id=\"cs-content\" class=\"cs-content\"><\/div>\n","protected":false},"excerpt":{"rendered":"<p>BOLET\u00cdN CONEXI\u00d3N MANGO BOLET\u00cdN CONEXI\u00d3N MANGO \u00bfQuiere recibir esta informaci\u00f3n directamente en su bandeja de entrada? Suscr\u00edbete al bolet\u00edn mensual&#8230;<\/p>\n","protected":false},"author":1,"featured_media":0,"parent":0,"menu_order":0,"comment_status":"closed","ping_status":"closed","template":"visual-builder-template.php","meta":{"wprm-recipe-roundup-name":"","wprm-recipe-roundup-description":"","footnotes":""},"_links":{"self":[{"href":"https:\/\/staging.kinsta.cloud\/es\/wp-json\/wp\/v2\/pages\/43923"}],"collection":[{"href":"https:\/\/staging.kinsta.cloud\/es\/wp-json\/wp\/v2\/pages"}],"about":[{"href":"https:\/\/staging.kinsta.cloud\/es\/wp-json\/wp\/v2\/types\/page"}],"author":[{"embeddable":true,"href":"https:\/\/staging.kinsta.cloud\/es\/wp-json\/wp\/v2\/users\/1"}],"replies":[{"embeddable":true,"href":"https:\/\/staging.kinsta.cloud\/es\/wp-json\/wp\/v2\/comments?post=43923"}],"version-history":[{"count":0,"href":"https:\/\/staging.kinsta.cloud\/es\/wp-json\/wp\/v2\/pages\/43923\/revisions"}],"wp:attachment":[{"href":"https:\/\/staging.kinsta.cloud\/es\/wp-json\/wp\/v2\/media?parent=43923"}],"curies":[{"name":"wp","href":"https:\/\/api.w.org\/{rel}","templated":true}]}}