{"id":43915,"date":"2022-01-10T17:28:56","date_gmt":"2022-01-10T17:28:56","guid":{"rendered":"https:\/\/staging.kinsta.cloud\/contacto\/"},"modified":"2022-01-13T07:49:04","modified_gmt":"2022-01-13T07:49:04","slug":"contacto","status":"publish","type":"page","link":"https:\/\/staging.kinsta.cloud\/es\/contacto\/","title":{"rendered":"Contacto"},"content":{"rendered":"<div id=\"cs-content\" class=\"cs-content\"><\/div>\n","protected":false},"excerpt":{"rendered":"<p>Contacto Ponerse en contactoComun\u00edquese con nosotros para obtener m\u00e1s informaci\u00f3n o si no puede encontrar lo que necesita aqu\u00ed en&#8230;<\/p>\n","protected":false},"author":1,"featured_media":0,"parent":0,"menu_order":0,"comment_status":"closed","ping_status":"closed","template":"visual-builder-template.php","meta":{"wprm-recipe-roundup-name":"","wprm-recipe-roundup-description":"","footnotes":""},"_links":{"self":[{"href":"https:\/\/staging.kinsta.cloud\/es\/wp-json\/wp\/v2\/pages\/43915"}],"collection":[{"href":"https:\/\/staging.kinsta.cloud\/es\/wp-json\/wp\/v2\/pages"}],"about":[{"href":"https:\/\/staging.kinsta.cloud\/es\/wp-json\/wp\/v2\/types\/page"}],"author":[{"embeddable":true,"href":"https:\/\/staging.kinsta.cloud\/es\/wp-json\/wp\/v2\/users\/1"}],"replies":[{"embeddable":true,"href":"https:\/\/staging.kinsta.cloud\/es\/wp-json\/wp\/v2\/comments?post=43915"}],"version-history":[{"count":0,"href":"https:\/\/staging.kinsta.cloud\/es\/wp-json\/wp\/v2\/pages\/43915\/revisions"}],"wp:attachment":[{"href":"https:\/\/staging.kinsta.cloud\/es\/wp-json\/wp\/v2\/media?parent=43915"}],"curies":[{"name":"wp","href":"https:\/\/api.w.org\/{rel}","templated":true}]}}