{"id":43901,"date":"2022-01-10T17:28:25","date_gmt":"2022-01-10T17:28:25","guid":{"rendered":"https:\/\/staging.kinsta.cloud\/mango-media\/"},"modified":"2023-07-12T07:59:46","modified_gmt":"2023-07-12T11:59:46","slug":"mango-media","status":"publish","type":"page","link":"https:\/\/staging.kinsta.cloud\/es\/mango-media\/","title":{"rendered":"Mango Media"},"content":{"rendered":"<div id=\"cs-content\" class=\"cs-content\"><\/div>\n","protected":false},"excerpt":{"rendered":"<p>MEDIOS DE MANGO IM\u00c1GENES Y LOGOTIPOS Todas las im\u00e1genes y logotipos presentados aqu\u00ed son propiedad de National Mango Board. Consulte&#8230;<\/p>\n","protected":false},"author":1,"featured_media":0,"parent":0,"menu_order":0,"comment_status":"closed","ping_status":"closed","template":"visual-builder-template.php","meta":{"wprm-recipe-roundup-name":"","wprm-recipe-roundup-description":"","footnotes":""},"_links":{"self":[{"href":"https:\/\/staging.kinsta.cloud\/es\/wp-json\/wp\/v2\/pages\/43901"}],"collection":[{"href":"https:\/\/staging.kinsta.cloud\/es\/wp-json\/wp\/v2\/pages"}],"about":[{"href":"https:\/\/staging.kinsta.cloud\/es\/wp-json\/wp\/v2\/types\/page"}],"author":[{"embeddable":true,"href":"https:\/\/staging.kinsta.cloud\/es\/wp-json\/wp\/v2\/users\/1"}],"replies":[{"embeddable":true,"href":"https:\/\/staging.kinsta.cloud\/es\/wp-json\/wp\/v2\/comments?post=43901"}],"version-history":[{"count":0,"href":"https:\/\/staging.kinsta.cloud\/es\/wp-json\/wp\/v2\/pages\/43901\/revisions"}],"wp:attachment":[{"href":"https:\/\/staging.kinsta.cloud\/es\/wp-json\/wp\/v2\/media?parent=43901"}],"curies":[{"name":"wp","href":"https:\/\/api.w.org\/{rel}","templated":true}]}}