{"id":43900,"date":"2022-01-10T17:28:23","date_gmt":"2022-01-10T17:28:23","guid":{"rendered":"https:\/\/staging.kinsta.cloud\/mejores-practicas\/"},"modified":"2022-07-07T13:15:36","modified_gmt":"2022-07-07T17:15:36","slug":"mejores-practicas","status":"publish","type":"page","link":"https:\/\/staging.kinsta.cloud\/es\/mejores-practicas\/","title":{"rendered":"Mejores pr\u00e1cticas"},"content":{"rendered":"<div id=\"cs-content\" class=\"cs-content\"><\/div>\n","protected":false},"excerpt":{"rendered":"<p>Mejores pr\u00e1cticas de mango ENVASADO Y PALETIZADO DE MANGO IMPULSA LAS VENTAS DE MANGO La implementaci\u00f3n de las mejores pr\u00e1cticas&#8230;<\/p>\n","protected":false},"author":1,"featured_media":0,"parent":0,"menu_order":0,"comment_status":"closed","ping_status":"closed","template":"visual-builder-template.php","meta":{"wprm-recipe-roundup-name":"","wprm-recipe-roundup-description":"","footnotes":""},"_links":{"self":[{"href":"https:\/\/staging.kinsta.cloud\/es\/wp-json\/wp\/v2\/pages\/43900"}],"collection":[{"href":"https:\/\/staging.kinsta.cloud\/es\/wp-json\/wp\/v2\/pages"}],"about":[{"href":"https:\/\/staging.kinsta.cloud\/es\/wp-json\/wp\/v2\/types\/page"}],"author":[{"embeddable":true,"href":"https:\/\/staging.kinsta.cloud\/es\/wp-json\/wp\/v2\/users\/1"}],"replies":[{"embeddable":true,"href":"https:\/\/staging.kinsta.cloud\/es\/wp-json\/wp\/v2\/comments?post=43900"}],"version-history":[{"count":0,"href":"https:\/\/staging.kinsta.cloud\/es\/wp-json\/wp\/v2\/pages\/43900\/revisions"}],"wp:attachment":[{"href":"https:\/\/staging.kinsta.cloud\/es\/wp-json\/wp\/v2\/media?parent=43900"}],"curies":[{"name":"wp","href":"https:\/\/api.w.org\/{rel}","templated":true}]}}