{"id":43840,"date":"2022-01-10T10:12:31","date_gmt":"2022-01-10T10:12:31","guid":{"rendered":"https:\/\/staging.kinsta.cloud\/tony-pereyra\/"},"modified":"2022-01-13T12:08:05","modified_gmt":"2022-01-13T12:08:05","slug":"tony-pereyra","status":"publish","type":"page","link":"https:\/\/staging.kinsta.cloud\/es\/tony-pereyra\/","title":{"rendered":"Tony Pereyra"},"content":{"rendered":"<div id=\"cs-content\" class=\"cs-content\"><\/div>\n","protected":false},"excerpt":{"rendered":"<p>Tony Pereyra Tony PereyraLos esp\u00edritus en movimiento Mezclando y batiendo c\u00f3cteles durante m\u00e1s de una d\u00e9cada, Tony Pereyra ha desarrollado&#8230;<\/p>\n","protected":false},"author":2,"featured_media":0,"parent":0,"menu_order":0,"comment_status":"closed","ping_status":"closed","template":"visual-builder-template.php","meta":{"wprm-recipe-roundup-name":"","wprm-recipe-roundup-description":"","footnotes":""},"_links":{"self":[{"href":"https:\/\/staging.kinsta.cloud\/es\/wp-json\/wp\/v2\/pages\/43840"}],"collection":[{"href":"https:\/\/staging.kinsta.cloud\/es\/wp-json\/wp\/v2\/pages"}],"about":[{"href":"https:\/\/staging.kinsta.cloud\/es\/wp-json\/wp\/v2\/types\/page"}],"author":[{"embeddable":true,"href":"https:\/\/staging.kinsta.cloud\/es\/wp-json\/wp\/v2\/users\/2"}],"replies":[{"embeddable":true,"href":"https:\/\/staging.kinsta.cloud\/es\/wp-json\/wp\/v2\/comments?post=43840"}],"version-history":[{"count":0,"href":"https:\/\/staging.kinsta.cloud\/es\/wp-json\/wp\/v2\/pages\/43840\/revisions"}],"wp:attachment":[{"href":"https:\/\/staging.kinsta.cloud\/es\/wp-json\/wp\/v2\/media?parent=43840"}],"curies":[{"name":"wp","href":"https:\/\/api.w.org\/{rel}","templated":true}]}}